{"id":961,"date":"2018-09-15T18:34:21","date_gmt":"2018-09-15T16:34:21","guid":{"rendered":"https:\/\/www.riaddar73-marrakech.com\/?page_id=961"},"modified":"2025-01-30T08:37:17","modified_gmt":"2025-01-30T07:37:17","slug":"oanoukrim-raumtest","status":"publish","type":"page","link":"https:\/\/www.riaddar73-marrakech.com\/de\/oanoukrim-raumtest\/","title":{"rendered":"Ouanoukrim Suite"},"content":{"rendered":"<div class=\"wpb-content-wrapper\"><div      class=\"vc_row wpb_row section vc_row-fluid\" style=' text-align:left;'><div class=\"full_section_inner clearfix\"><div class=\"wpb_column vc_column_container vc_col-sm-12\"><div class=\"vc_column-inner\"><div class=\"wpb_wrapper\"><div class=\"q_image_with_text_over\"><div class=\"shader\" ><\/div><img decoding=\"async\" itemprop=\"image\" src=\"https:\/\/www.riaddar73-marrakech.com\/wp-content\/uploads\/2018\/09\/detailouanoukrim.png\" alt=\"\" \/><div class=\"text\"><table><tr><td><h3 class=\"caption no_icon\" style=\"font-size: 52px;\">Ouanoukrim Suite<\/h3><\/td><\/tr><\/table><table><tr><td><div class=\"desc\"><\/div><\/td><\/tr><\/table><\/div><\/div><\/div><\/div><\/div><\/div><\/div><div      class=\"vc_row wpb_row section vc_row-fluid  vc_custom_1517917187124 grid_section\" style=' text-align:left;'><div class=\"section_inner clearfix\"><div class='section_inner_margin clearfix'><div class=\"wpb_column vc_column_container vc_col-sm-12 vc_col-md-8\"><div class=\"vc_column-inner\"><div class=\"wpb_wrapper\"><div class='q_elements_holder one_column responsive_mode_from_768' ><div class='q_elements_item' data-600-768='0px' data-animation='no' data-item-class='q_elements_holder_custom_238160'><div class='q_elements_item_inner'><div class='q_elements_item_content q_elements_holder_custom_238160' style='padding:0px 0px 0px'><div class=\"wpb_gallery wpb_content_element vc_clearfix\"><div class=\"wpb_wrapper\"><div class=\"wpb_gallery_slides wpb_flexslider flexslider_fade flexslider\" data-interval=\"3\" data-flex_fx=\"fade\"><ul class=\"slides\"><li><a itemprop=\"image\" class=\"qode-prettyphoto\" href=\"https:\/\/www.riaddar73-marrakech.com\/wp-content\/uploads\/2018\/09\/ouanou3-1024x684.png\" data-rel=\"prettyPhoto[rel-961-1702116487]\"><img loading=\"lazy\" decoding=\"async\" width=\"1024\" height=\"684\" src=\"https:\/\/www.riaddar73-marrakech.com\/wp-content\/uploads\/2018\/09\/ouanou3.png\" class=\"attachment-full\" alt=\"\" title=\"ouanou3\" srcset=\"https:\/\/www.riaddar73-marrakech.com\/wp-content\/uploads\/2018\/09\/ouanou3.png 1024w, https:\/\/www.riaddar73-marrakech.com\/wp-content\/uploads\/2018\/09\/ouanou3-300x200.png 300w, https:\/\/www.riaddar73-marrakech.com\/wp-content\/uploads\/2018\/09\/ouanou3-768x513.png 768w, https:\/\/www.riaddar73-marrakech.com\/wp-content\/uploads\/2018\/09\/ouanou3-700x468.png 700w\" sizes=\"auto, (max-width: 1024px) 100vw, 1024px\" \/><\/a><\/li><li><a itemprop=\"image\" class=\"qode-prettyphoto\" href=\"https:\/\/www.riaddar73-marrakech.com\/wp-content\/uploads\/2018\/09\/IMG_20180912_142134-1024x684.png\" data-rel=\"prettyPhoto[rel-961-1702116487]\"><img loading=\"lazy\" decoding=\"async\" width=\"1024\" height=\"684\" src=\"https:\/\/www.riaddar73-marrakech.com\/wp-content\/uploads\/2018\/09\/IMG_20180912_142134.png\" class=\"attachment-full\" alt=\"\" title=\"IMG_20180912_142134\" srcset=\"https:\/\/www.riaddar73-marrakech.com\/wp-content\/uploads\/2018\/09\/IMG_20180912_142134.png 1024w, https:\/\/www.riaddar73-marrakech.com\/wp-content\/uploads\/2018\/09\/IMG_20180912_142134-300x200.png 300w, https:\/\/www.riaddar73-marrakech.com\/wp-content\/uploads\/2018\/09\/IMG_20180912_142134-768x513.png 768w, https:\/\/www.riaddar73-marrakech.com\/wp-content\/uploads\/2018\/09\/IMG_20180912_142134-700x468.png 700w\" sizes=\"auto, (max-width: 1024px) 100vw, 1024px\" \/><\/a><\/li><li><a itemprop=\"image\" class=\"qode-prettyphoto\" href=\"https:\/\/www.riaddar73-marrakech.com\/wp-content\/uploads\/2018\/09\/IMG_20180915_184738-1024x684.png\" data-rel=\"prettyPhoto[rel-961-1702116487]\"><img loading=\"lazy\" decoding=\"async\" width=\"1024\" height=\"684\" src=\"https:\/\/www.riaddar73-marrakech.com\/wp-content\/uploads\/2018\/09\/IMG_20180915_184738.png\" class=\"attachment-full\" alt=\"\" title=\"IMG_20180915_184738\" srcset=\"https:\/\/www.riaddar73-marrakech.com\/wp-content\/uploads\/2018\/09\/IMG_20180915_184738.png 1024w, https:\/\/www.riaddar73-marrakech.com\/wp-content\/uploads\/2018\/09\/IMG_20180915_184738-300x200.png 300w, https:\/\/www.riaddar73-marrakech.com\/wp-content\/uploads\/2018\/09\/IMG_20180915_184738-768x513.png 768w, https:\/\/www.riaddar73-marrakech.com\/wp-content\/uploads\/2018\/09\/IMG_20180915_184738-700x468.png 700w\" sizes=\"auto, (max-width: 1024px) 100vw, 1024px\" \/><\/a><\/li><\/ul><\/div><\/div><\/div>\n\t<div class=\"wpb_text_column wpb_content_element  vc_custom_1536597338233\">\n\t\t<div class=\"wpb_wrapper\">\n\t\t\t\n\t\t<\/div>\n\t<\/div><\/div><\/div><\/div><\/div><\/div><\/div><\/div><div class=\"wpb_column vc_column_container vc_col-sm-12 vc_col-md-4\"><div class=\"vc_column-inner\"><div class=\"wpb_wrapper\"><div class='q_elements_holder one_column responsive_mode_from_768' ><div class='q_elements_item' data-768-1024='83px 0% 60px 0px' data-600-768='40px 25% 90px 0px' data-480-600='0px 0% 60px 0%' data-480='0px 0% 60px 0%' data-animation='no' data-item-class='q_elements_holder_custom_402235'><div class='q_elements_item_inner'><div class='q_elements_item_content q_elements_holder_custom_402235' style='padding:83px 24% 60px 0px'>\n\t<div class=\"wpb_text_column wpb_content_element\">\n\t\t<div class=\"wpb_wrapper\">\n\t\t\t<p>Gefolgt<\/p>\n\n\t\t<\/div>\n\t<\/div>\n\t<div class=\"wpb_text_column wpb_content_element\">\n\t\t<div class=\"wpb_wrapper\">\n\t\t\t<h1>Ouanoukrim<\/h1>\n\n\t\t<\/div>\n\t<\/div><div class=\"vc_empty_space\"  style=\"height: 42px\" >\n\t<span class=\"vc_empty_space_inner\">\n\t\t<span class=\"empty_space_image\"  ><\/span>\n\t<\/span>\n<\/div>\n\t<div class=\"wpb_text_column wpb_content_element\">\n\t\t<div class=\"wpb_wrapper\">\n\t\t\t<h5>Suite f\u00fcr 2 Personen, 20 m2 \u2013 1 Doppelbett (180 cm).<\/h5>\n<h5>M\u00f6glichkeit, ein Zusatzbett hinzuzuf\u00fcgen.<\/h5>\n<h5><em>Preise<\/em><\/h5>\n<p>Nebensaison (vom 07.01. bis 31.01. und vom 15.06. bis 31.08.): 95 Euro pro Nacht<\/p>\n<p>Hochsaison (vom 21.12. bis 06.01.): 160 Euro pro Nacht<\/p>\n<p>Andere Zeitr\u00e4ume: 100 Euro pro Nacht<\/p>\n<p>Zustellbett f\u00fcr eine Person: 30 Euro pro Nacht<\/p>\n\n\t\t<\/div>\n\t<\/div><div class=\"vc_empty_space\"  style=\"height: 31px\" >\n\t<span class=\"vc_empty_space_inner\">\n\t\t<span class=\"empty_space_image\"  ><\/span>\n\t<\/span>\n<\/div><a  itemprop=\"url\" href=\"https:\/\/www.riaddar73-marrakech.com\/de\/kontakt\/\" target=\"_self\"  class=\"qbutton  default\" style=\"\">Buchen<\/a><\/div><\/div><\/div><\/div><\/div><\/div><\/div><\/div><\/div><\/div><div      class=\"vc_row wpb_row section vc_row-fluid\" style='background-color:#cecece; text-align:left;'><div class=\"full_section_inner clearfix\"><div class=\"wpb_column vc_column_container vc_col-sm-12\"><div class=\"vc_column-inner\"><div class=\"wpb_wrapper\"><div class='q_elements_holder three_columns responsive_mode_from_768' ><div class='q_elements_item' data-animation='no' data-item-class='q_elements_holder_custom_515851'><div class='q_elements_item_inner'><div class='q_elements_item_content q_elements_holder_custom_515851' style='padding:0px 40% 0px 12%'>\n\t<div class=\"wpb_text_column wpb_content_element\">\n\t\t<div class=\"wpb_wrapper\">\n\t\t\t<h1><span style=\"color: #ffffff;\">Die Dekoration<\/span><\/h1>\n\n\t\t<\/div>\n\t<\/div>\n\t<div class=\"wpb_text_column wpb_content_element\">\n\t\t<div class=\"wpb_wrapper\">\n\t\t\t<h3 style=\"text-align: left;\"><span style=\"color: #ffffff;\">des Zimmers im Detail<\/span><\/h3>\n\n\t\t<\/div>\n\t<\/div><div class=\"vc_empty_space\"  style=\"height: 12px\" >\n\t<span class=\"vc_empty_space_inner\">\n\t\t<span class=\"empty_space_image\"  ><\/span>\n\t<\/span>\n<\/div><\/div><\/div><\/div><div class='q_elements_item' data-animation='no' data-item-class='q_elements_holder_custom_219920' style='background-image: url(https:\/\/www.riaddar73-marrakech.com\/wp-content\/uploads\/2018\/09\/ZOUHEFHUFHOUZUOFE.png);background-position: center;'><div class='q_elements_item_inner'><div class='q_elements_item_content q_elements_holder_custom_219920' style='padding:240px 0px'><\/div><\/div><\/div><div class='q_elements_item' data-animation='no' data-item-class='q_elements_holder_custom_124798' style='background-image: url(https:\/\/www.riaddar73-marrakech.com\/wp-content\/uploads\/2018\/09\/IMG_4319.png);background-position: center;'><div class='q_elements_item_inner'><div class='q_elements_item_content q_elements_holder_custom_124798' style='padding:240px 0px'><\/div><\/div><\/div><\/div><div class=\"vc_empty_space\"  style=\"height: 32px\" >\n\t<span class=\"vc_empty_space_inner\">\n\t\t<span class=\"empty_space_image\"  ><\/span>\n\t<\/span>\n<\/div><\/div><\/div><\/div><\/div><\/div><div      class=\"vc_row wpb_row section vc_row-fluid\" style='background-color:#967c5c; text-align:left;'><div class=\"full_section_inner clearfix\"><div class=\"wpb_column vc_column_container vc_col-sm-12\"><div class=\"vc_column-inner\"><div class=\"wpb_wrapper\"><div class='q_elements_holder three_columns responsive_mode_from_768' ><div class='q_elements_item' data-animation='no' data-item-class='q_elements_holder_custom_879339' style='background-image: url(https:\/\/www.riaddar73-marrakech.com\/wp-content\/uploads\/2018\/09\/ZZO_8864.png);background-position: center;background-size: cover;'><div class='q_elements_item_inner'><div class='q_elements_item_content q_elements_holder_custom_879339' style='padding:240px 0px'><\/div><\/div><\/div><div class='q_elements_item' data-animation='no' data-item-class='q_elements_holder_custom_585627'><div class='q_elements_item_inner'><div class='q_elements_item_content q_elements_holder_custom_585627' style='padding:0px 40% 0px 12%'>\n\t<div class=\"wpb_text_column wpb_content_element\">\n\t\t<div class=\"wpb_wrapper\">\n\t\t\t<h1><span style=\"color: #ffffff;\">Das typische Design<\/span><\/h1>\n\n\t\t<\/div>\n\t<\/div>\n\t<div class=\"wpb_text_column wpb_content_element\">\n\t\t<div class=\"wpb_wrapper\">\n\t\t\t<h3><span style=\"color: #ffffff;\">des Moucharabieh und sein Schattenspiel geben\u00a0<\/span><span style=\"color: #ffffff;\">ein au\u00dfergew\u00f6hnliches G\u00fctesiegel f\u00fcr diese Suite\u00a0<\/span><\/h3>\n\n\t\t<\/div>\n\t<\/div><div class=\"vc_empty_space\"  style=\"height: 12px\" >\n\t<span class=\"vc_empty_space_inner\">\n\t\t<span class=\"empty_space_image\"  ><\/span>\n\t<\/span>\n<\/div><\/div><\/div><\/div><div class='q_elements_item' data-animation='no' data-item-class='q_elements_holder_custom_211338' style='background-image: url(https:\/\/www.riaddar73-marrakech.com\/wp-content\/uploads\/2018\/09\/ZZO_9490.png);background-position: center;background-size: cover;'><div class='q_elements_item_inner'><div class='q_elements_item_content q_elements_holder_custom_211338' style='padding:240px 0px'><\/div><\/div><\/div><\/div><\/div><\/div><\/div><\/div><\/div><div      class=\"vc_row wpb_row section vc_row-fluid\" style=' text-align:left;'><div class=\"full_section_inner clearfix\"><div class=\"wpb_column vc_column_container vc_col-sm-12\"><div class=\"vc_column-inner\"><div class=\"wpb_wrapper\"><div class=\"vc_empty_space\"  style=\"height: 32px\" >\n\t<span class=\"vc_empty_space_inner\">\n\t\t<span class=\"empty_space_image\"  ><\/span>\n\t<\/span>\n<\/div><\/div><\/div><\/div><\/div><\/div>\n<\/div>","protected":false},"excerpt":{"rendered":"Suite Ouanoukrim Suite Ouanoukrim Suite de 2 personnes de 20 m2 - 1 lit double de 180. Possibilit\u00e9 de\u00a0rajouter un lit d'appoint. Tarifs Basse saison (du 07\/01 au 31\/01 et du 15\/06 au 31\/08) : 95 euros la nuit\u00e9e Haute saison (du 21\/12 au 06\/01)...","protected":false},"author":1,"featured_media":0,"parent":0,"menu_order":0,"comment_status":"closed","ping_status":"closed","template":"full_width.php","meta":{"_exactmetrics_skip_tracking":false,"_exactmetrics_sitenote_active":false,"_exactmetrics_sitenote_note":"","_exactmetrics_sitenote_category":0,"footnotes":""},"class_list":["post-961","page","type-page","status-publish","hentry"],"_links":{"self":[{"href":"https:\/\/www.riaddar73-marrakech.com\/de\/wp-json\/wp\/v2\/pages\/961","targetHints":{"allow":["GET"]}}],"collection":[{"href":"https:\/\/www.riaddar73-marrakech.com\/de\/wp-json\/wp\/v2\/pages"}],"about":[{"href":"https:\/\/www.riaddar73-marrakech.com\/de\/wp-json\/wp\/v2\/types\/page"}],"author":[{"embeddable":true,"href":"https:\/\/www.riaddar73-marrakech.com\/de\/wp-json\/wp\/v2\/users\/1"}],"replies":[{"embeddable":true,"href":"https:\/\/www.riaddar73-marrakech.com\/de\/wp-json\/wp\/v2\/comments?post=961"}],"version-history":[{"count":13,"href":"https:\/\/www.riaddar73-marrakech.com\/de\/wp-json\/wp\/v2\/pages\/961\/revisions"}],"predecessor-version":[{"id":1409,"href":"https:\/\/www.riaddar73-marrakech.com\/de\/wp-json\/wp\/v2\/pages\/961\/revisions\/1409"}],"wp:attachment":[{"href":"https:\/\/www.riaddar73-marrakech.com\/de\/wp-json\/wp\/v2\/media?parent=961"}],"curies":[{"name":"wp","href":"https:\/\/api.w.org\/{rel}","templated":true}]}}