{"id":3,"date":"2018-08-23T13:22:31","date_gmt":"2018-08-23T11:22:31","guid":{"rendered":"https:\/\/www.riaddar73-marrakech.com\/?page_id=3"},"modified":"2018-11-30T09:35:15","modified_gmt":"2018-11-30T08:35:15","slug":"note-legali","status":"publish","type":"page","link":"https:\/\/www.riaddar73-marrakech.com\/it\/note-legali\/","title":{"rendered":"Note legali"},"content":{"rendered":"<div class=\"wpb-content-wrapper\"><div      class=\"vc_row wpb_row section vc_row-fluid  vc_custom_1537256217700\" style='background-image:url(https:\/\/www.riaddar73-marrakech.com\/wp-content\/uploads\/2018\/08\/ben-ostrower-564571-unsplash.jpg); text-align:left;'><div class=\"full_section_inner clearfix\"><div class=\"wpb_column vc_column_container vc_col-sm-12\"><div class=\"vc_column-inner\"><div class=\"wpb_wrapper\">\n\t<div class=\"wpb_text_column wpb_content_element\">\n\t\t<div class=\"wpb_wrapper\">\n\t\t\t<h3 class=\"titre\"><span style=\"color: #000000;\">WEB DESIGN E SVILUPPO<\/span><\/h3>\n<p><span style=\"color: #000000;\">CALAMARI \u2013 www.agencesquid.com<\/span><\/p>\n<p><span style=\"color: #000000; line-height: 1.5;\">Crediti fotografici: Squid, Studio Erick Saillet<\/span><\/p>\n<p><span style=\"color: #000000; line-height: 1.5;\">1. Informazioni legali<\/span><\/p>\n<p><span style=\"color: #000000;\">L&#039;editore del Sito \u00e8 la societ\u00e0 Le BSM, con capitale sociale di 1.000 \u20ac, iscritta al registro del commercio e delle societ\u00e0 di Chamb\u00e9ry e la cui partita IVA intracomunitaria \u00e8 XXXXXXXXX.<\/span><br \/>\n<span style=\"color: #000000;\">La sede legale si trova in: 235 Avenue du Stade<\/span><br \/>\n<span style=\"color: #000000;\">73700 Bourg-Saint-Maurice<\/span><br \/>\n<span style=\"color: #000000;\">Tel: +33 (1) 04 79 07 11 34<\/span><br \/>\n<span style=\"color: #000000;\">E-mail: lebsmalpresto@gamil.com<\/span><br \/>\n<span style=\"color: #000000;\">Direttore della pubblicazione: Isabelle Usannaz<\/span><\/p>\n<h3><\/h3>\n<h3 class=\"titre\"><span style=\"color: #000000;\">2. Hosting del sito<\/span><\/h3>\n<p><span style=\"color: #000000;\">Il sito web http:\/\/www.le-bsm.com \u00e8 ospitato dalla societ\u00e0 OVH, SAS con capitale di 10.000.000 di euro, registrata presso il RCS di Roubaix-Tourcoing con il numero 424 761 419 00045.<\/span><br \/>\n<span style=\"color: #000000;\">Sede legale: 2 rue Kellerman 59100 Roubaix Francia<\/span><\/p>\n<h3><\/h3>\n<h3 class=\"titre\"><span style=\"color: #000000;\">3. Diritti di propriet\u00e0 intellettuale<\/span><\/h3>\n<p><span style=\"color: #000000;\">Il Sito e tutti i suoi contenuti (in particolare i marchi, i loghi, qualsiasi elemento grafico, testuale e informatico del Sito, comprese in particolare le strutture ad albero, la formattazione, gli articoli, le presentazioni, le illustrazioni, le fotografie e\/o qualsiasi altro documento) sono protetti dalle leggi francesi e internazionali sul diritto d&#039;autore e sulla propriet\u00e0 intellettuale.<\/span><br \/>\n<span style=\"color: #000000;\">Non pu\u00f2 essere fatta alcuna interpretazione a favore di una licenza d&#039;uso o di un diritto di utilizzo di questi elementi.<\/span><br \/>\n<span style=\"color: #000000;\">A tal fine, sono vietate le loro rappresentazioni, riproduzioni, integrazioni, distribuzioni e ridistribuzioni, parziali o totali (articolo L. 122-4 del Codice della propriet\u00e0 intellettuale). Chiunque agisca in tal senso senza poter fornire la prova dell&#039;autorizzazione preventiva ed espressa del titolare di tali diritti \u00e8 passibile delle sanzioni relative al reato di contraffazione (articoli L. 335-2 e seguenti del Codice della propriet\u00e0 intellettuale). Il BSM pu\u00f2 avvalersi dei propri diritti, in particolare dei diritti di propriet\u00e0 intellettuale, per avviare procedimenti, anche penali.<\/span><br \/>\n<span style=\"color: #000000;\">BSM si riserva il diritto di migliorare o modificare in qualsiasi momento le informazioni, i prodotti, i programmi o le condizioni d&#039;uso descritti nel Sito, senza che ci\u00f2 possa comportare alcuna responsabilit\u00e0. Le condizioni e gli avvisi applicabili saranno quelli in vigore alla data di connessione al Sito.<\/span><\/p>\n<div><\/div>\n<h3 class=\"titre\"><span style=\"color: #000000;\">4. Collegamenti ipertestuali<\/span><\/h3>\n<p><span style=\"color: #000000;\">L&#039;utente che viene reindirizzato a un sito di terzi tramite un collegamento ipertestuale verso altri siti riconosce che Le BSM non controlla il contenuto, le informazioni, i prodotti e i servizi offerti su tali siti. Di conseguenza, la BSM non potr\u00e0 in nessun caso essere ritenuta responsabile per eventuali danni diretti o indiretti derivanti dall&#039;utilizzo di siti accessibili tramite collegamenti ipertestuali.<\/span><br \/>\n<span style=\"color: #000000;\">Il BSM non \u00e8 inoltre responsabile dei collegamenti ipertestuali che puntano al Sito.<\/span><br \/>\n<span style=\"color: #000000;\">Chiunque desideri creare dei collegamenti ipertestuali che rimandino al Sito dovr\u00e0 ottenere la preventiva autorizzazione scritta di Le BSM.<\/span><\/p>\n<p>&nbsp;<\/p>\n<h3 class=\"titre\"><span style=\"color: #000000;\">5. Limitazione della garanzia<\/span><\/h3>\n<p><span style=\"color: #000000;\">Il BSM ricorda agli utenti di Internet le caratteristiche e i limiti della rete Internet. BSM non potr\u00e0 essere ritenuto responsabile per eventuali danni derivanti dall&#039;accesso al Sito o, al contrario, dall&#039;impossibilit\u00e0 di accedervi. Il BSM non potr\u00e0 essere ritenuto in alcun modo responsabile in caso di indisponibilit\u00e0 del Sito, per qualsiasi motivo (guasto tecnico, congestione della rete, ecc.).<\/span><br \/>\n<span style=\"color: #000000;\">L&#039;utente riconosce espressamente che utilizza il Sito a proprio rischio e sotto la sua esclusiva responsabilit\u00e0. La BSM non potr\u00e0 essere ritenuta responsabile per alcun danno, diretto o indiretto, materiale o immateriale, causato agli utenti, alle loro apparecchiature informatiche o di telecomunicazione, ai dati ivi memorizzati e alle conseguenze che ne possano derivare sulla loro attivit\u00e0 personale, professionale o commerciale.<\/span><br \/>\n<span style=\"color: #000000;\">Le informazioni presenti sul Sito sono fornite esclusivamente a scopo informativo. Le informazioni pubblicate su questo Sito vengono aggiornate e verificate periodicamente, ma potrebbero comunque contenere degli errori. In ogni caso, le informazioni devono essere considerate al momento della loro messa online e non al momento della consultazione del Sito (tali dati potrebbero essere stati aggiornati nel periodo intercorrente tra il momento del download e quello della lettura). In ogni caso, Le BSM non pu\u00f2 essere ritenuto responsabile di queste informazioni.<\/span><\/p>\n<p>&nbsp;<\/p>\n<h3 class=\"titre\"><span style=\"color: #000000;\">6. Utilizzo del sito<\/span><\/h3>\n<p><span style=\"color: #000000;\">BSM offre il Sito principalmente ai propri clienti e a chiunque desideri conoscere e acquistare i suoi prodotti e servizi.<\/span><br \/>\n<span style=\"color: #000000;\">Quando ti connetti al Sito:<\/span><br \/>\n<span style=\"color: #000000;\">\u2013 accetti di rispettare i presenti termini e condizioni e, pi\u00f9 in generale, la legislazione applicabile,<\/span><br \/>\n<span style=\"color: #000000;\">\u2013 ti astieni da qualsiasi raccolta o uso improprio, in particolare delle informazioni personali alle quali potresti avere accesso e, in generale, da qualsiasi atto che possa arrecare danno a terzi.<\/span><br \/>\n<span style=\"color: #000000;\">Quando compili un modulo e fornisci informazioni, accetti di:<\/span><br \/>\n<span style=\"color: #000000;\">\u2013 fornire informazioni reali, accurate e aggiornate al momento dell\u2019iscrizione e in particolare non utilizzare nomi, titoli o indirizzi falsi, o nomi, titoli o indirizzi senza autorizzazione,<\/span><br \/>\n<span style=\"color: #000000;\">\u2013 mantenere aggiornati i dati di registrazione per garantire che siano sempre reali e accurati,<\/span><br \/>\n<span style=\"color: #000000;\">\u2013 non rendere disponibile o distribuire informazioni, programmi o elementi illegali, riprovevoli o dannosi (come virus, software di hacking o di copia).<\/span><br \/>\n<span style=\"color: #000000;\">\u2013 non diffondere commenti, opinioni o informazioni di natura diffamatoria, oscena, violenta, razzista e pi\u00f9 in generale contraria alle leggi e ai regolamenti vigenti, ai diritti delle persone e al buon costume.<\/span><br \/>\n<span style=\"color: #000000;\">In caso di violazione delle presenti disposizioni, BSM si riserva il diritto di vietarLe l&#039;accesso al Sito o ai servizi offerti, a Suo esclusivo rischio e senza pregiudizio di ogni azione di responsabilit\u00e0.<\/span><\/p>\n<p><span style=\"color: #000000;\">Utilizzo dei dati personali raccolti<\/span><\/p>\n<h3><\/h3>\n<h3><span style=\"color: #000000;\">7. Commenti<\/span><\/h3>\n<p><span style=\"color: #000000;\">Quando lasci un commento sul nostro sito web, vengono raccolti i dati inseriti nel modulo dei commenti, ma anche il tuo indirizzo IP e lo user agent del tuo browser per aiutarci a rilevare commenti indesiderati.<\/span><\/p>\n<p><span style=\"color: #000000;\">Una stringa anonima creata a partire dal tuo indirizzo email (chiamata anche hash) potrebbe essere fornita al servizio Gravatar per vedere se lo stai utilizzando. L&#039;informativa sulla privacy del servizio Gravatar \u00e8 disponibile qui: https:\/\/automattic.com\/privacy\/. Dopo la convalida del tuo commento, la tua foto del profilo sar\u00e0 visibile pubblicamente accanto al tuo commento.8. Media<\/span><\/p>\n<p><span style=\"color: #000000;\">Se sei un utente registrato e carichi immagini sul sito web, ti consigliamo di evitare di caricare immagini contenenti dati EXIF delle coordinate GPS. I visitatori del tuo sito web possono scaricare ed estrarre dati sulla posizione da queste immagini.<\/span><\/p>\n<h3><\/h3>\n<h3><span style=\"color: #000000;\">8. Biscotti<\/span><\/h3>\n<p><span style=\"font-size: 16px; line-height: 1.5; color: #000000;\">Se lasci un commento sul nostro sito, puoi scegliere di salvare il tuo nome, indirizzo email e sito web nei cookie. Questi sono per la tua comodit\u00e0 in modo che tu non debba inserire nuovamente i tuoi dati se lasci un altro commento in seguito. Questi cookie scadono dopo un anno.<\/span><\/p>\n<p><span style=\"color: #000000;\">Se hai un account e accedi a questo sito, verr\u00e0 creato un cookie temporaneo per determinare se il tuo browser accetta i cookie. Non contiene dati personali e verr\u00e0 eliminato automaticamente alla chiusura del browser.<\/span><\/p>\n<p><span style=\"color: #000000;\">Quando effettui l&#039;accesso, verranno impostati diversi cookie per salvare le tue informazioni di accesso e le tue scelte di visualizzazione dello schermo. La durata di vita di un cookie di accesso \u00e8 di due giorni, mentre quella di un cookie delle opzioni dello schermo \u00e8 di un anno. Se selezioni &quot;Ricordami&quot;, il tuo cookie di accesso verr\u00e0 conservato per due settimane. Se esci dal tuo account, il cookie di accesso verr\u00e0 eliminato.<\/span><\/p>\n<p><span style=\"color: #000000;\">Modificando o pubblicando un articolo, un cookie aggiuntivo verr\u00e0 salvato nel tuo browser. Questo cookie non include dati personali. Indica semplicemente l&#039;ID dell&#039;articolo appena modificato. Scade dopo un giorno.<\/span><\/p>\n<h3><\/h3>\n<h3><span style=\"color: #000000;\">9. Contenuto incorporato da altri siti<\/span><\/h3>\n<p><span style=\"color: #000000;\">Gli articoli su questo sito possono includere contenuti incorporati (ad esempio video, immagini, articoli, ecc.). I contenuti incorporati da altri siti web si comportano esattamente nello stesso modo come se il visitatore avesse visitato l&#039;altro sito web.<\/span><\/p>\n<p><span style=\"color: #000000;\">Questi siti web potrebbero raccogliere dati su di te, utilizzare cookie, integrare strumenti di tracciamento di terze parti e tracciare le tue interazioni con tali contenuti incorporati se hai un account e hai effettuato l&#039;accesso a quel sito web.<\/span><\/p>\n<p>&nbsp;<\/p>\n<h3><span style=\"color: #000000;\">10. Durata della conservazione dei tuoi dati<\/span><\/h3>\n<p><span style=\"color: #000000;\">Se lasci un commento, il commento e i relativi metadati vengono conservati a tempo indeterminato. Ci\u00f2 ci consente di riconoscere e approvare automaticamente i commenti successivi, anzich\u00e9 lasciarli nella coda di moderazione.<\/span><\/p>\n<p><span style=\"color: #000000;\">Per gli utenti che si registrano sul nostro sito (se applicabile), memorizziamo anche i dati personali indicati nel loro profilo. Tutti gli utenti possono vedere, modificare o cancellare i propri dati personali in qualsiasi momento (tranne il nome utente). Anche gli amministratori del sito possono visualizzare e modificare queste informazioni.<\/span><\/p>\n<h3><\/h3>\n<h3><span style=\"color: #000000;\">11. I diritti che hai sui tuoi dati<\/span><\/h3>\n<p><span style=\"color: #000000;\">Se hai un account o hai lasciato commenti sul sito, puoi richiedere di ricevere un file contenente tutti i dati personali che abbiamo su di te, compresi i dati che ci hai fornito. Puoi anche richiedere la cancellazione dei dati personali che ti riguardano. Sono esclusi i dati archiviati per scopi amministrativi, legali o di sicurezza.<\/span><\/p>\n<h3><span style=\"color: #000000;\">12. Trasmissione dei tuoi dati personali<\/span><\/h3>\n<p><span style=\"color: #000000;\">I commenti dei visitatori potrebbero essere controllati tramite un servizio di rilevamento automatico dello spam.<\/span><\/p>\n<h2><\/h2>\n<h3><\/h3>\n\n\t\t<\/div>\n\t<\/div><\/div><\/div><\/div><\/div><\/div>\n<\/div>","protected":false},"excerpt":{"rendered":"WEBDESIGN E SVILUPPO SQUID - www.agencesquid.com Crediti fotografici: Squid, Studio Erick Saillet 1. Informazioni legali L&#039;editore del Sito \u00e8 la societ\u00e0 Le BSM, con capitale sociale di 1.000 \u20ac, iscritta al registro del commercio e delle societ\u00e0 di Chamb\u00e9ry e il cui numero di registrazione...","protected":false},"author":1,"featured_media":0,"parent":0,"menu_order":0,"comment_status":"closed","ping_status":"closed","template":"","meta":{"_exactmetrics_skip_tracking":false,"_exactmetrics_sitenote_active":false,"_exactmetrics_sitenote_note":"","_exactmetrics_sitenote_category":0,"footnotes":""},"class_list":["post-3","page","type-page","status-publish","hentry"],"_links":{"self":[{"href":"https:\/\/www.riaddar73-marrakech.com\/it\/wp-json\/wp\/v2\/pages\/3","targetHints":{"allow":["GET"]}}],"collection":[{"href":"https:\/\/www.riaddar73-marrakech.com\/it\/wp-json\/wp\/v2\/pages"}],"about":[{"href":"https:\/\/www.riaddar73-marrakech.com\/it\/wp-json\/wp\/v2\/types\/page"}],"author":[{"embeddable":true,"href":"https:\/\/www.riaddar73-marrakech.com\/it\/wp-json\/wp\/v2\/users\/1"}],"replies":[{"embeddable":true,"href":"https:\/\/www.riaddar73-marrakech.com\/it\/wp-json\/wp\/v2\/comments?post=3"}],"version-history":[{"count":5,"href":"https:\/\/www.riaddar73-marrakech.com\/it\/wp-json\/wp\/v2\/pages\/3\/revisions"}],"predecessor-version":[{"id":1321,"href":"https:\/\/www.riaddar73-marrakech.com\/it\/wp-json\/wp\/v2\/pages\/3\/revisions\/1321"}],"wp:attachment":[{"href":"https:\/\/www.riaddar73-marrakech.com\/it\/wp-json\/wp\/v2\/media?parent=3"}],"curies":[{"name":"parola chiave","href":"https:\/\/api.w.org\/{rel}","templated":true}]}}