{"id":3,"date":"2018-08-23T13:22:31","date_gmt":"2018-08-23T11:22:31","guid":{"rendered":"https:\/\/www.riaddar73-marrakech.com\/?page_id=3"},"modified":"2018-11-30T09:35:15","modified_gmt":"2018-11-30T08:35:15","slug":"avisos-legais","status":"publish","type":"page","link":"https:\/\/www.riaddar73-marrakech.com\/pt\/avisos-legais\/","title":{"rendered":"Avisos legais"},"content":{"rendered":"<div class=\"wpb-content-wrapper\"><div      class=\"vc_row wpb_row section vc_row-fluid  vc_custom_1537256217700\" style='background-image:url(https:\/\/www.riaddar73-marrakech.com\/wp-content\/uploads\/2018\/08\/ben-ostrower-564571-unsplash.jpg); text-align:left;'><div class=\"full_section_inner clearfix\"><div class=\"wpb_column vc_column_container vc_col-sm-12\"><div class=\"vc_column-inner\"><div class=\"wpb_wrapper\">\n\t<div class=\"wpb_text_column wpb_content_element\">\n\t\t<div class=\"wpb_wrapper\">\n\t\t\t<h3 class=\"titre\"><span style=\"color: #000000;\">WEBDESIGN E DESENVOLVIMENTO<\/span><\/h3>\n<p><span style=\"color: #000000;\">SQUID \u2013 www.agencesquid.com<\/span><\/p>\n<p><span style=\"color: #000000; line-height: 1.5;\">Cr\u00e9ditos das fotos: Squid, Studio Erick Saillet<\/span><\/p>\n<p><span style=\"color: #000000; line-height: 1.5;\">1. Informa\u00e7\u00f5es legais<\/span><\/p>\n<p><span style=\"color: #000000;\">A editora do Site \u00e9 a empresa Le BSM, com capital social de \u20ac 1.000, registrada no registro comercial e de empresas de Chamb\u00e9ry e cujo n\u00famero de IVA intracomunit\u00e1rio \u00e9 XXXXXXXXX.<\/span><br \/>\n<span style=\"color: #000000;\">A sede est\u00e1 localizada em: 235 Avenue du Stade<\/span><br \/>\n<span style=\"color: #000000;\">73700 Bourg-Saint-Maurice<\/span><br \/>\n<span style=\"color: #000000;\">Telefone: +33 (1) 04 79 07 11 34<\/span><br \/>\n<span style=\"color: #000000;\">E-mail: lebsmalpresto@gamil.com<\/span><br \/>\n<span style=\"color: #000000;\">Diretora de publica\u00e7\u00e3o: Isabelle Usannaz<\/span><\/p>\n<h3><\/h3>\n<h3 class=\"titre\"><span style=\"color: #000000;\">2. Hospedagem do site<\/span><\/h3>\n<p><span style=\"color: #000000;\">O site http:\/\/www.le-bsm.com \u00e9 hospedado pela empresa OVH, SAS com capital de 10.000.000 euros, registrada no RCS de Roubaix-Tourcoing sob o n\u00famero 424 761 419 00045.<\/span><br \/>\n<span style=\"color: #000000;\">Sede: 2 rue Kellerman 59100 Roubaix Fran\u00e7a<\/span><\/p>\n<h3><\/h3>\n<h3 class=\"titre\"><span style=\"color: #000000;\">3. Direitos de Propriedade Intelectual<\/span><\/h3>\n<p><span style=\"color: #000000;\">O Site e todo o seu conte\u00fado (em particular as marcas registradas, logotipos, qualquer elemento gr\u00e1fico, textual e de computador do Site, incluindo, em particular, as estruturas em \u00e1rvore, formata\u00e7\u00e3o, artigos, apresenta\u00e7\u00f5es, ilustra\u00e7\u00f5es, fotografias e\/ou qualquer outro documento) s\u00e3o protegidos pelas leis francesas e internacionais sobre direitos autorais e propriedade intelectual.<\/span><br \/>\n<span style=\"color: #000000;\">Nenhuma interpreta\u00e7\u00e3o pode ser feita em favor de uma licen\u00e7a de uso ou qualquer direito de uso desses elementos.<\/span><br \/>\n<span style=\"color: #000000;\">Como tal, as suas representa\u00e7\u00f5es, reprodu\u00e7\u00f5es, imbrica\u00e7\u00f5es, distribui\u00e7\u00f5es e redistribui\u00e7\u00f5es, parciais ou totais, s\u00e3o proibidas (artigo L. 122-4 do C\u00f3digo da Propriedade Intelectual). Qualquer pessoa que o fa\u00e7a sem poder apresentar prova de autoriza\u00e7\u00e3o pr\u00e9via e expressa do titular desses direitos est\u00e1 sujeita \u00e0s san\u00e7\u00f5es relativas ao crime de contrafa\u00e7\u00e3o (artigos L. 335-2 e seguintes do C\u00f3digo da Propriedade Intelectual). O BSM pode usar seus direitos, em particular direitos de propriedade intelectual, para iniciar processos, incluindo processos criminais.<\/span><br \/>\n<span style=\"color: #000000;\">A BSM reserva-se o direito de melhorar ou modificar a qualquer momento as informa\u00e7\u00f5es, produtos, programas ou condi\u00e7\u00f5es de uso descritos no Site, sem incorrer em qualquer responsabilidade como resultado disso. As condi\u00e7\u00f5es e avisos aplic\u00e1veis ser\u00e3o aqueles em vigor na data em que voc\u00ea se conectar ao Site.<\/span><\/p>\n<div><\/div>\n<h3 class=\"titre\"><span style=\"color: #000000;\">4. Links de hipertexto<\/span><\/h3>\n<p><span style=\"color: #000000;\">O usu\u00e1rio que for redirecionado para um site de terceiros por meio de um hiperlink estabelecido para outros sites reconhece que o Le BSM n\u00e3o controla o conte\u00fado, as informa\u00e7\u00f5es, os produtos e os servi\u00e7os oferecidos nesses sites. Consequentemente, o BSM n\u00e3o poder\u00e1, em nenhuma circunst\u00e2ncia, ser responsabilizado por quaisquer danos diretos ou indiretos resultantes da utiliza\u00e7\u00e3o de sites acess\u00edveis atrav\u00e9s de links de hipertexto.<\/span><br \/>\n<span style=\"color: #000000;\">O BSM tamb\u00e9m n\u00e3o \u00e9 respons\u00e1vel por links de hipertexto que apontam para o Site.<\/span><br \/>\n<span style=\"color: #000000;\">Qualquer pessoa que deseje criar links de hipertexto que apontem para o Site deve obter autoriza\u00e7\u00e3o pr\u00e9via por escrito do Le BSM.<\/span><\/p>\n<p>&nbsp;<\/p>\n<h3 class=\"titre\"><span style=\"color: #000000;\">5. Limita\u00e7\u00e3o da garantia<\/span><\/h3>\n<p><span style=\"color: #000000;\">O BSM lembra aos internautas as caracter\u00edsticas e limites da rede de Internet. A BSM n\u00e3o poder\u00e1 ser responsabilizada por quaisquer danos resultantes do acesso ao Site ou, pelo contr\u00e1rio, da impossibilidade de acesso ao mesmo. A BSM n\u00e3o poder\u00e1 ser responsabilizada de nenhuma forma em caso de indisponibilidade do Site, por qualquer motivo (falha t\u00e9cnica, congestionamento da rede, etc.).<\/span><br \/>\n<span style=\"color: #000000;\">O usu\u00e1rio reconhece expressamente que utiliza o Site por sua conta e risco e sob sua exclusiva responsabilidade. A BSM n\u00e3o poder\u00e1 ser responsabilizada por quaisquer danos, diretos ou indiretos, materiais ou imateriais, causados aos utilizadores, aos seus equipamentos inform\u00e1ticos ou de telecomunica\u00e7\u00f5es, aos dados neles armazenados e pelas consequ\u00eancias que da\u00ed possam advir para a sua atividade pessoal, profissional ou comercial.<\/span><br \/>\n<span style=\"color: #000000;\">As informa\u00e7\u00f5es no Site s\u00e3o fornecidas apenas para fins informativos. As informa\u00e7\u00f5es publicadas neste Site s\u00e3o atualizadas e verificadas periodicamente, mas ainda podem conter erros. Em qualquer caso, as informa\u00e7\u00f5es devem ser levadas em considera\u00e7\u00e3o no momento em que s\u00e3o colocadas online e n\u00e3o no momento da consulta do Site (esses dados podem ter sido atualizados entre o momento em que voc\u00ea os baixou e o momento em que os leu). Em qualquer caso, o Le BSM n\u00e3o pode ser responsabilizado por essas informa\u00e7\u00f5es.<\/span><\/p>\n<p>&nbsp;<\/p>\n<h3 class=\"titre\"><span style=\"color: #000000;\">6. Utiliza\u00e7\u00e3o do site<\/span><\/h3>\n<p><span style=\"color: #000000;\">O BSM oferece o Site principalmente para uso de seus clientes e de qualquer pessoa que deseje aprender e comprar seus produtos e servi\u00e7os.<\/span><br \/>\n<span style=\"color: #000000;\">Quando voc\u00ea se conecta ao Site:<\/span><br \/>\n<span style=\"color: #000000;\">\u2013 voc\u00ea concorda em cumprir estes termos e condi\u00e7\u00f5es e, de forma mais geral, com a legisla\u00e7\u00e3o aplic\u00e1vel,<\/span><br \/>\n<span style=\"color: #000000;\">\u2013 abster-se de qualquer recolha ou utiliza\u00e7\u00e3o indevida, em particular de informa\u00e7\u00f5es pessoais a que possa ter acesso e, em geral, de qualquer ato suscet\u00edvel de prejudicar terceiros.<\/span><br \/>\n<span style=\"color: #000000;\">Ao preencher um formul\u00e1rio e fornecer informa\u00e7\u00f5es, voc\u00ea concorda em:<\/span><br \/>\n<span style=\"color: #000000;\">\u2013 fornecer informa\u00e7\u00f5es reais, precisas e atualizadas no momento da inscri\u00e7\u00e3o e, em particular, n\u00e3o usar nomes, t\u00edtulos ou endere\u00e7os falsos, ou nomes, t\u00edtulos ou endere\u00e7os sem autoriza\u00e7\u00e3o,<\/span><br \/>\n<span style=\"color: #000000;\">\u2013 manter os dados cadastrais atualizados para garantir que sejam sempre reais e precisos,<\/span><br \/>\n<span style=\"color: #000000;\">\u2013 n\u00e3o disponibilizar ou distribuir quaisquer informa\u00e7\u00f5es, programas ou elementos que sejam ilegais, repreens\u00edveis ou prejudiciais (como v\u00edrus, hacking ou c\u00f3pia de software).<\/span><br \/>\n<span style=\"color: #000000;\">\u2013 n\u00e3o difundir coment\u00e1rios, opini\u00f5es ou informa\u00e7\u00f5es de natureza difamat\u00f3ria, obscena, violenta, racista e, de modo geral, contr\u00e1rias \u00e0s leis e regulamentos em vigor, aos direitos individuais e \u00e0 moral.<\/span><br \/>\n<span style=\"color: #000000;\">Em caso de viola\u00e7\u00e3o destas disposi\u00e7\u00f5es, a BSM reserva-se o direito de proibir o acesso ao Site ou aos servi\u00e7os oferecidos, por sua conta e risco e sem preju\u00edzo de qualquer a\u00e7\u00e3o de responsabilidade.<\/span><\/p>\n<p><span style=\"color: #000000;\">Utiliza\u00e7\u00e3o dos dados pessoais recolhidos<\/span><\/p>\n<h3><\/h3>\n<h3><span style=\"color: #000000;\">7. Coment\u00e1rios<\/span><\/h3>\n<p><span style=\"color: #000000;\">Quando voc\u00ea deixa um coment\u00e1rio em nosso site, os dados inseridos no formul\u00e1rio de coment\u00e1rios, mas tamb\u00e9m seu endere\u00e7o IP e o agente do usu\u00e1rio do seu navegador s\u00e3o coletados para nos ajudar a detectar coment\u00e1rios indesejados.<\/span><\/p>\n<p><span style=\"color: #000000;\">Uma sequ\u00eancia de caracteres anonimizada criada a partir do seu endere\u00e7o de e-mail (tamb\u00e9m chamada de hash) pode ser fornecida ao servi\u00e7o Gravatar para verificar se voc\u00ea o est\u00e1 utilizando. A pol\u00edtica de privacidade do servi\u00e7o Gravatar est\u00e1 dispon\u00edvel aqui: https:\/\/automattic.com\/privacy\/. Ap\u00f3s a valida\u00e7\u00e3o do seu coment\u00e1rio, sua foto de perfil ficar\u00e1 vis\u00edvel publicamente ao lado do seu coment\u00e1rio.8. M\u00eddia<\/span><\/p>\n<p><span style=\"color: #000000;\">Se voc\u00ea for um usu\u00e1rio registrado e estiver enviando imagens para o site, recomendamos evitar enviar imagens que contenham dados de coordenadas EXIF GPS. Os visitantes do seu site podem baixar e extrair dados de localiza\u00e7\u00e3o dessas imagens.<\/span><\/p>\n<h3><\/h3>\n<h3><span style=\"color: #000000;\">8. Biscoitos<\/span><\/h3>\n<p><span style=\"font-size: 16px; line-height: 1.5; color: #000000;\">Se voc\u00ea deixar um coment\u00e1rio em nosso site, voc\u00ea pode optar por salvar seu nome, endere\u00e7o de e-mail e site em cookies. Elas s\u00e3o para sua conveni\u00eancia, para que voc\u00ea n\u00e3o precise preencher seus dados novamente caso deixe outro coment\u00e1rio mais tarde. Esses cookies expiram ap\u00f3s um ano.<\/span><\/p>\n<p><span style=\"color: #000000;\">Se voc\u00ea tiver uma conta e fizer login neste site, um cookie tempor\u00e1rio ser\u00e1 criado para determinar se seu navegador aceita cookies. Ele n\u00e3o cont\u00e9m nenhum dado pessoal e ser\u00e1 exclu\u00eddo automaticamente quando voc\u00ea fechar o navegador.<\/span><\/p>\n<p><span style=\"color: #000000;\">Quando voc\u00ea fizer login, configuraremos v\u00e1rios cookies para salvar suas informa\u00e7\u00f5es de login e suas op\u00e7\u00f5es de exibi\u00e7\u00e3o de tela. A vida \u00fatil de um cookie de login \u00e9 de dois dias, a de um cookie de op\u00e7\u00e3o de tela \u00e9 de um ano. Se voc\u00ea marcar &quot;Lembrar de mim&quot;, seu cookie de login ser\u00e1 mantido por duas semanas. Se voc\u00ea sair da sua conta, o cookie de login ser\u00e1 exclu\u00eddo.<\/span><\/p>\n<p><span style=\"color: #000000;\">Ao editar ou publicar um artigo, um cookie adicional ser\u00e1 salvo no seu navegador. Este cookie n\u00e3o inclui nenhum dado pessoal. Ele simplesmente indica o ID do artigo que voc\u00ea acabou de editar. Ele expira ap\u00f3s um dia.<\/span><\/p>\n<h3><\/h3>\n<h3><span style=\"color: #000000;\">9. Conte\u00fado incorporado de outros sites<\/span><\/h3>\n<p><span style=\"color: #000000;\">Os artigos neste site podem incluir conte\u00fado incorporado (por exemplo, v\u00eddeos, imagens, artigos, etc.). Conte\u00fado incorporado de outros sites se comporta exatamente da mesma maneira como se o visitante tivesse visitado o outro site.<\/span><\/p>\n<p><span style=\"color: #000000;\">Esses sites podem coletar dados sobre voc\u00ea, usar cookies, incorporar ferramentas de rastreamento de terceiros e rastrear suas intera\u00e7\u00f5es com esse conte\u00fado incorporado se voc\u00ea tiver uma conta e estiver conectado a esse site.<\/span><\/p>\n<p>&nbsp;<\/p>\n<h3><span style=\"color: #000000;\">10. Dura\u00e7\u00e3o do armazenamento dos seus dados<\/span><\/h3>\n<p><span style=\"color: #000000;\">Se voc\u00ea deixar um coment\u00e1rio, o coment\u00e1rio e seus metadados ser\u00e3o retidos indefinidamente. Isso nos permite reconhecer e aprovar automaticamente coment\u00e1rios subsequentes em vez de deix\u00e1-los na fila de modera\u00e7\u00e3o.<\/span><\/p>\n<p><span style=\"color: #000000;\">Para usu\u00e1rios que se registram em nosso site (se aplic\u00e1vel), tamb\u00e9m armazenamos os dados pessoais indicados em seu perfil. Todos os usu\u00e1rios podem ver, editar ou excluir suas informa\u00e7\u00f5es pessoais a qualquer momento (exceto seu nome de usu\u00e1rio). Os gerentes do site tamb\u00e9m podem visualizar e editar essas informa\u00e7\u00f5es.<\/span><\/p>\n<h3><\/h3>\n<h3><span style=\"color: #000000;\">11. Os direitos que voc\u00ea tem sobre seus dados<\/span><\/h3>\n<p><span style=\"color: #000000;\">Se voc\u00ea tiver uma conta ou tiver deixado coment\u00e1rios no site, poder\u00e1 solicitar o recebimento de um arquivo contendo todos os dados pessoais que temos sobre voc\u00ea, incluindo quaisquer dados que voc\u00ea nos forneceu. Voc\u00ea tamb\u00e9m pode solicitar a exclus\u00e3o de dados pessoais relativos a voc\u00ea. Isso n\u00e3o inclui dados armazenados para fins administrativos, legais ou de seguran\u00e7a.<\/span><\/p>\n<h3><span style=\"color: #000000;\">12. Transmiss\u00e3o dos seus dados pessoais<\/span><\/h3>\n<p><span style=\"color: #000000;\">Os coment\u00e1rios dos visitantes podem ser verificados por meio de um servi\u00e7o automatizado de detec\u00e7\u00e3o de spam.<\/span><\/p>\n<h2><\/h2>\n<h3><\/h3>\n\n\t\t<\/div>\n\t<\/div><\/div><\/div><\/div><\/div><\/div>\n<\/div>","protected":false},"excerpt":{"rendered":"DESIGN E DESENVOLVIMENTO WEB SQUID - www.agencesquid.com Cr\u00e9ditos das fotos: Squid, Studio Erick Saillet 1. Informa\u00e7\u00f5es Legais A editora deste site \u00e9 a empresa Le BSM, com capital social de \u20ac 1.000, registrada no Registro Comercial e de Empresas de Chamb\u00e9ry sob o n\u00famero...","protected":false},"author":1,"featured_media":0,"parent":0,"menu_order":0,"comment_status":"closed","ping_status":"closed","template":"","meta":{"_exactmetrics_skip_tracking":false,"_exactmetrics_sitenote_active":false,"_exactmetrics_sitenote_note":"","_exactmetrics_sitenote_category":0,"footnotes":""},"class_list":["post-3","page","type-page","status-publish","hentry"],"_links":{"self":[{"href":"https:\/\/www.riaddar73-marrakech.com\/pt\/wp-json\/wp\/v2\/pages\/3","targetHints":{"allow":["GET"]}}],"collection":[{"href":"https:\/\/www.riaddar73-marrakech.com\/pt\/wp-json\/wp\/v2\/pages"}],"about":[{"href":"https:\/\/www.riaddar73-marrakech.com\/pt\/wp-json\/wp\/v2\/types\/page"}],"author":[{"embeddable":true,"href":"https:\/\/www.riaddar73-marrakech.com\/pt\/wp-json\/wp\/v2\/users\/1"}],"replies":[{"embeddable":true,"href":"https:\/\/www.riaddar73-marrakech.com\/pt\/wp-json\/wp\/v2\/comments?post=3"}],"version-history":[{"count":5,"href":"https:\/\/www.riaddar73-marrakech.com\/pt\/wp-json\/wp\/v2\/pages\/3\/revisions"}],"predecessor-version":[{"id":1321,"href":"https:\/\/www.riaddar73-marrakech.com\/pt\/wp-json\/wp\/v2\/pages\/3\/revisions\/1321"}],"wp:attachment":[{"href":"https:\/\/www.riaddar73-marrakech.com\/pt\/wp-json\/wp\/v2\/media?parent=3"}],"curies":[{"name":"wp","href":"https:\/\/api.w.org\/{rel}","templated":true}]}}